{"id":1817,"date":"2024-05-17T13:07:57","date_gmt":"2024-05-17T13:07:57","guid":{"rendered":"https:\/\/www.posters-photos.com\/?post_type=product&#038;p=1817"},"modified":"2026-04-04T13:01:26","modified_gmt":"2026-04-04T13:01:26","slug":"foto-naufragios-bretana-quelmer-la-passagere","status":"publish","type":"product","link":"https:\/\/www.posters-photos.com\/es\/edition-limitee\/photographies-bretagne\/photographies-epaves-en-bretagne\/photo-epaves-bretagne-quelmer-la-passagere\/","title":{"rendered":"Naufragios fotogr\u00e1ficos en Breta\u00f1a | Quelmer la passag\u00e8re"},"content":{"rendered":"<blockquote><p><strong>Lo\u00efc Delplanque :<\/strong>\u00a0 Esta fotograf\u00eda de colores vivos de los pecios en <strong>Cementerio de barcos de Quelmer la Passag\u00e8re<\/strong> en Ille-et-Vilaine (<a title=\"Fotograf\u00edas de Breta\u00f1a: Embellezca su decoraci\u00f3n interior con paisajes cautivadores\" href=\"https:\/\/www.posters-photos.com\/es\/arte\/fotografias-bretana\/\">Breta\u00f1a<\/a>, Francia) coquetea con la pintura.<\/p>\n<p>&nbsp;<\/p>\n<p>Habr\u00eda sido sorprendente que la ciudad corsaria no tuviera tambi\u00e9n un cementerio de barcos. El barrio de <strong>Quelmer La Passag\u00e8re<\/strong> ha sabido preservar sus tradiciones agr\u00edcolas y hort\u00edcolas, al tiempo que afirma su car\u00e1cter mar\u00edtimo, especialmente gracias a su astillero.<\/p>\n<p>&nbsp;<\/p>\n<p>Es all\u00ed donde muchos <a title=\"Viejos barcos encallados en Breta\u00f1a - Descubra los pecios hist\u00f3ricos de la costa bretona.\" href=\"https:\/\/www.posters-photos.com\/es\/arte\/fotografias-bretana\/fotografias-de-naufragios-en-bretana\/\">barcos antiguos<\/a> vienen a poner fin a sus d\u00edas. Entre los pecios m\u00e1s destacados se encuentran el Ondine, reconocible por su casco azul y blanco, y el Philippe-Martine, un antiguo atunero.<\/p>\n<p>&nbsp;<\/p>\n<p>Para m\u00ed, son como ancianas llenas de respeto y admiraci\u00f3n.\nCargadas de historia \u2014 de nuestra historia \u2014 siguen cont\u00e1ndola a quienes saben escuchar.\nAfina el o\u00eddo y escucha el susurro de los pecios en Breta\u00f1a, esas viejas damas del mar...<\/p><\/blockquote>\n<p>Fotograf\u00eda disponible en 4 acabados:<\/p>\n<ul>\n<li><strong>Papel de arte Hahnem\u00fchle<\/strong>.<\/li>\n<li><strong>Impresi\u00f3n directa sobre Alu-Dibond de 3 mm<\/strong> : un soporte moderno, ligero y r\u00edgido, con acabado mate sin reflejos. Su superficie lisa revela la nitidez y la densidad de los colores, para una durabilidad de m\u00e1s de 20 a\u00f1os. (riel de colgado incluido y premontado).<\/li>\n<li><strong>Impresi\u00f3n en Forex de 10 mm<\/strong> : un soporte r\u00edgido, ligero y estable, con una superficie blanca compacta que revela toda la riqueza de los colores. Listo para colgar, se entrega con su riel para colgar ofrecido y premontado para un acabado cuidado y contempor\u00e1neo.<\/li>\n<li><strong>Caja americana de madera<\/strong> : Aluminio Dibond en caja americana: un elegante efecto flotante realza tu impresi\u00f3n n\u00edtida y mate, enmarcada por un marco de madera a elegir (negro, blanco, roble natural). Listo para colgar, se entrega con su sistema de sujeci\u00f3n gratuito y premontado.<\/li>\n<\/ul>\n<p>\u00bfTiene otra medida en mente? <a title=\"Contactar con Lo\u00efc Delplanque, fot\u00f3grafo en Morbihan\" href=\"https:\/\/www.posters-photos.com\/es\/contacto-fotografo-morbihan\/\">Cont\u00e1ctame<\/a>, le enviar\u00e9 un enlace personalizado con la foto en el formato deseado.<\/p>","protected":false},"excerpt":{"rendered":"<p><strong>Edici\u00f3n limitada de 50 ejemplares, firmados a mano y entregados con certificado de autenticidad.<\/strong><\/p>\n<p>Pida ya esta magn\u00edfica fotograf\u00eda.<\/p>","protected":false},"featured_media":9003,"comment_status":"open","ping_status":"closed","template":"","meta":{"_et_pb_use_builder":"off","_et_pb_old_content":"Il aurait \u00e9t\u00e9 surprenant que la cit\u00e9 corsaire ne dispose pas, elle aussi, d'un cimeti\u00e8re de bateaux. Le quartier de <strong>Quelmer La Passag\u00e8re<\/strong> a su pr\u00e9server ses traditions agricoles et mara\u00eech\u00e8res, tout en affirmant son caract\u00e8re maritime, notamment gr\u00e2ce \u00e0 son chantier naval. C'est l\u00e0 que de vieux bateaux viennent finir leurs jours. Parmi les \u00e9paves les plus remarquables, on trouve l\u2019Ondine, reconnaissable \u00e0 sa coque bleue et blanche, ainsi que le Philippe-Martine, un ancien thonier.\r\nCette \u0153uvre en \u00e9dition limit\u00e9e \u00e0 50 exemplaires est une pi\u00e8ce rare \u00e0 int\u00e9grer dans votre collection ou \u00e0 offrir en cadeau. Profitez de cette opportunit\u00e9 pour apporter une touche de Bretagne maritime \u00e0 votre int\u00e9rieur.\r\n\r\n<strong>Caract\u00e9ristiques de l\u2019\u0153uvre :<\/strong>\r\n\r\n<strong>Type :<\/strong> <a title=\"Photographies Artistiques de Bretagne | D\u00e9coration Murale \u00c9l\u00e9gante et Unique\" href=\"https:\/\/www.posters-photos.com\/etiquette-produit\/photographie-artistique\/\" target=\"_blank\" rel=\"noopener\">Photographie artistique<\/a>\r\n<strong>Format :<\/strong> Des tailles sup\u00e9rieures sont disponibles sur simple demande : <a title=\"Contactez Lo\u00efc Delplanque | Photographies et Affiches en \u00c9dition Limit\u00e9e, Reportages Photos pour Particuliers\" href=\"https:\/\/www.posters-photos.com\/contact\/\" target=\"_blank\" rel=\"noopener\">Je demande une autre taille<\/a>\r\n<strong>\u00c9dition :<\/strong> Limit\u00e9e \u00e0 50 exemplaires sur papier \u00e9cologique Hahnem\u00fchle Hemp 290g pour garantir son exclusivit\u00e9\r\n<strong>Certificat d'authenticit\u00e9 :<\/strong> Chaque photographie est accompagn\u00e9e d'un certificat num\u00e9rot\u00e9 et sign\u00e9 de la main de l\u2019artiste confirmant son authenticit\u00e9 et son caract\u00e8re limit\u00e9.\r\n\r\n<strong>Pourquoi choisir cette photographie :<\/strong>\r\n\r\n<strong>Vision artistique :<\/strong> Les couleurs vibrantes et la composition artistique de cette photographie se rapprochent de la peinture, parfaite pour enrichir votre d\u00e9coration int\u00e9rieure.\r\n<strong>\u00c9co-responsabilit\u00e9 :<\/strong> Imprim\u00e9e sur du papier Hahnem\u00fchle Hemp 290g, cette \u0153uvre garantit des couleurs et des contrastes exceptionnels tout en respectant l'environnement.","_et_gb_content_width":""},"product_brand":[],"product_cat":[63,167,56],"product_tag":[149,150,135,145,131],"class_list":{"0":"post-1817","1":"product","2":"type-product","3":"status-publish","4":"has-post-thumbnail","6":"product_cat-photographies-epaves-en-bretagne","7":"product_cat-coups-de-coeur-bretagne","8":"product_cat-photographies-bretagne","9":"product_tag-couleurs-vives","10":"product_tag-coups-de-coeur","11":"product_tag-epaves","12":"product_tag-graphique","13":"product_tag-ille-et-vilaine","15":"first","16":"instock","17":"shipping-taxable","18":"purchasable","19":"product-type-variable","20":"has-default-attributes"},"_links":{"self":[{"href":"https:\/\/www.posters-photos.com\/es\/wp-json\/wp\/v2\/product\/1817","targetHints":{"allow":["GET"]}}],"collection":[{"href":"https:\/\/www.posters-photos.com\/es\/wp-json\/wp\/v2\/product"}],"about":[{"href":"https:\/\/www.posters-photos.com\/es\/wp-json\/wp\/v2\/types\/product"}],"replies":[{"embeddable":true,"href":"https:\/\/www.posters-photos.com\/es\/wp-json\/wp\/v2\/comments?post=1817"}],"wp:featuredmedia":[{"embeddable":true,"href":"https:\/\/www.posters-photos.com\/es\/wp-json\/wp\/v2\/media\/9003"}],"wp:attachment":[{"href":"https:\/\/www.posters-photos.com\/es\/wp-json\/wp\/v2\/media?parent=1817"}],"wp:term":[{"taxonomy":"product_brand","embeddable":true,"href":"https:\/\/www.posters-photos.com\/es\/wp-json\/wp\/v2\/product_brand?post=1817"},{"taxonomy":"product_cat","embeddable":true,"href":"https:\/\/www.posters-photos.com\/es\/wp-json\/wp\/v2\/product_cat?post=1817"},{"taxonomy":"product_tag","embeddable":true,"href":"https:\/\/www.posters-photos.com\/es\/wp-json\/wp\/v2\/product_tag?post=1817"}],"curies":[{"name":"wp","href":"https:\/\/api.w.org\/{rel}","templated":true}]}}