{"id":9111,"date":"2025-08-11T11:22:19","date_gmt":"2025-08-11T11:22:19","guid":{"rendered":"https:\/\/www.posters-photos.com\/?post_type=product&#038;p=9111"},"modified":"2026-04-04T12:08:37","modified_gmt":"2026-04-04T12:08:37","slug":"barco-pesquero-niebla","status":"publish","type":"product","link":"https:\/\/www.posters-photos.com\/es\/edition-limitee\/fine-art\/bateau-peche-brume\/","title":{"rendered":"Barco pesquero en la niebla \u2014 Magn\u00edfica foto de arte de edici\u00f3n limitada"},"content":{"rendered":"<p>T\u00edtulo: Barco en la niebla<\/p>\n<p>Lo\u00efc Delplanque :<\/p>\n<blockquote><p>Aquella ma\u00f1ana, el mar parec\u00eda a\u00fan dormido. Desde la orilla, vi aparecer un barco pesquero en la niebla, casi irreal.<\/p>\n<p>&nbsp;<\/p>\n<p>El aire h\u00famedo suavizaba las formas y reforzaba esa sensaci\u00f3n.<\/p>\n<p>&nbsp;<\/p>\n<p>Sab\u00eda que el momento no durar\u00eda. Unos minutos despu\u00e9s, el barco se desvaneci\u00f3 tras un velo m\u00e1s denso.<\/p>\n<p>&nbsp;<\/p>\n<p>Este <a title=\"Fotograf\u00edas art\u00edsticas en edici\u00f3n limitada \u2014 Obras de arte mural\" href=\"https:\/\/www.posters-photos.com\/es\/arte\/fotografias\/autor\/\">foto de arte <\/a>en <a title=\"Fotograf\u00edas y p\u00f3sters en edici\u00f3n limitada \u2014 Arte, mar\u00edtimo, Breta\u00f1a, naturaleza\" href=\"https:\/\/www.posters-photos.com\/es\/edicion-limitada\/\">edici\u00f3n limitada<\/a> guarda el recuerdo de este bonito momento: un encuentro matutino en un silencio casi total.<\/p><\/blockquote>\n<p>Fotograf\u00eda disponible en 4 acabados:<\/p>\n<ul>\n<li><strong>Papel de arte Hahnem\u00fchle<\/strong>.<\/li>\n<li><strong>Impresi\u00f3n directa sobre Alu-Dibond de 3 mm<\/strong> : un soporte moderno, ligero y r\u00edgido, con acabado mate sin reflejos. Su superficie lisa revela la nitidez y la densidad de los colores, para una durabilidad de m\u00e1s de 20 a\u00f1os. (riel de colgado incluido y premontado).<\/li>\n<li><strong>Impresi\u00f3n en Forex de 10 mm<\/strong> : un soporte r\u00edgido, ligero y estable, con una superficie blanca compacta que revela toda la riqueza de los colores. Listo para colgar, se entrega con su riel para colgar ofrecido y premontado para un acabado cuidado y contempor\u00e1neo.<\/li>\n<li><strong>Caja americana de madera<\/strong> : Aluminio Dibond en caja americana: un elegante efecto flotante realza tu impresi\u00f3n n\u00edtida y mate, enmarcada por un marco de madera a elegir (negro, blanco, roble natural). Listo para colgar, se entrega con su sistema de sujeci\u00f3n gratuito y premontado.<\/li>\n<\/ul>\n<p>\u00bfTiene otra medida en mente? <a title=\"Contactar con Lo\u00efc Delplanque, fot\u00f3grafo en Morbihan\" href=\"https:\/\/www.posters-photos.com\/es\/contacto-fotografo-morbihan\/\">Cont\u00e1ctame<\/a>, le enviar\u00e9 un enlace personalizado con la foto en el formato deseado.<\/p>","protected":false},"excerpt":{"rendered":"<p><strong>Edici\u00f3n limitada de 50 ejemplares, firmados a mano y entregados con certificado de autenticidad.<\/strong><\/p>\n<p>Pida ya esta magn\u00edfica fotograf\u00eda.<\/p>","protected":false},"featured_media":9090,"comment_status":"open","ping_status":"closed","template":"","meta":{"_et_pb_use_builder":"off","_et_pb_old_content":"Lo\u00efc Delplanque :\r\n<blockquote>Ce matin-l\u00e0, la mer semblait encore assoupie. Depuis le rivage, j\u2019ai vu un bateau de p\u00eache appara\u00eetre dans la brume, presque irr\u00e9el. L\u2019air humide adoucissait les formes et renfor\u00e7ait cette sensation.\r\n\r\n\u00a0\r\n\r\nJe savais que l\u2019instant ne durerait pas. Quelques minutes plus tard, le bateau s\u2019est effac\u00e9 derri\u00e8re un voile plus dense.\r\n\r\n\u00a0\r\n\r\nCette <a title=\"Photographies artistiques en \u00e9dition limit\u00e9e \u2014 \u0152uvres murales art\" href=\"https:\/\/www.posters-photos.com\/art\/photographies\/artistiques\/\">photo d\u2019art <\/a>en <a title=\"Photographies et affiches en \u00e9dition limit\u00e9e \u2014 Art, maritime, Bretagne, nature\" href=\"https:\/\/www.posters-photos.com\/edition-limitee\/\">\u00e9dition limit\u00e9e<\/a> garde la m\u00e9moire de ce joli moment : une rencontre matinale dans un silence presque total.<\/blockquote>\r\n\u00a0\r\n\r\nPhotographie disponible en 4 finitions :\r\n<ul>\r\n \t<li>Papier d\u2019art \u00e9cologique Hahnem\u00fchle Bambou 290g<\/li>\r\n \t<li>Alu dibond avec contrecollage sur papier FINEART Hahnem\u00fchle Museum Etching 350g.\r\nLe tirage photo Fine Art est contrecoll\u00e9 sur un support Alu Dibond d\u2019\u00e9paisseur 2mm.<\/li>\r\n \t<li>Toile Epson Canvas Matte Water Resistant \u2013 375g\/m\u00b2<\/li>\r\n \t<li>Caisse am\u00e9ricaine bois sur papier Hahnem\u00fchle Museum Etching - 350g\/m\u00b2.\r\nVotre tirage contrecoll\u00e9 sur aluminium Dibond est plac\u00e9 dans une caisse am\u00e9ricaine en bois (6 teintes disponibles).<\/li>\r\n<\/ul>\r\nVous avez une autre taille en t\u00eate ? <a title=\"Contact de Lo\u00efc Delplanque, photographe et graphiste dans le Morbihan\" href=\"https:\/\/www.posters-photos.com\/contact-loic-delplanque-photographe-graphiste-morbihan\/\">Contactez-moi<\/a>, je vous enverrai un lien personnalis\u00e9 avec la photo au format souhait\u00e9.","_et_gb_content_width":""},"product_brand":[],"product_cat":[154,152,187],"product_tag":[150,145],"class_list":{"0":"post-9111","1":"product","2":"type-product","3":"status-publish","4":"has-post-thumbnail","6":"product_cat-fine-art","7":"product_cat-coups-de-coeur-photos","8":"product_cat-nouveautes","9":"product_tag-coups-de-coeur","10":"product_tag-graphique","12":"first","13":"instock","14":"shipping-taxable","15":"purchasable","16":"product-type-variable","17":"has-default-attributes"},"_links":{"self":[{"href":"https:\/\/www.posters-photos.com\/es\/wp-json\/wp\/v2\/product\/9111","targetHints":{"allow":["GET"]}}],"collection":[{"href":"https:\/\/www.posters-photos.com\/es\/wp-json\/wp\/v2\/product"}],"about":[{"href":"https:\/\/www.posters-photos.com\/es\/wp-json\/wp\/v2\/types\/product"}],"replies":[{"embeddable":true,"href":"https:\/\/www.posters-photos.com\/es\/wp-json\/wp\/v2\/comments?post=9111"}],"wp:featuredmedia":[{"embeddable":true,"href":"https:\/\/www.posters-photos.com\/es\/wp-json\/wp\/v2\/media\/9090"}],"wp:attachment":[{"href":"https:\/\/www.posters-photos.com\/es\/wp-json\/wp\/v2\/media?parent=9111"}],"wp:term":[{"taxonomy":"product_brand","embeddable":true,"href":"https:\/\/www.posters-photos.com\/es\/wp-json\/wp\/v2\/product_brand?post=9111"},{"taxonomy":"product_cat","embeddable":true,"href":"https:\/\/www.posters-photos.com\/es\/wp-json\/wp\/v2\/product_cat?post=9111"},{"taxonomy":"product_tag","embeddable":true,"href":"https:\/\/www.posters-photos.com\/es\/wp-json\/wp\/v2\/product_tag?post=9111"}],"curies":[{"name":"wp","href":"https:\/\/api.w.org\/{rel}","templated":true}]}}