{"id":9299,"date":"2025-08-16T08:59:19","date_gmt":"2025-08-16T08:59:19","guid":{"rendered":"https:\/\/www.posters-photos.com\/?post_type=product&#038;p=9299"},"modified":"2026-04-04T11:40:00","modified_gmt":"2026-04-04T11:40:00","slug":"marisqueo-a-pie","status":"publish","type":"product","link":"https:\/\/www.posters-photos.com\/es\/edition-limitee\/mer\/peche-a-pied\/","title":{"rendered":"Magn\u00edfico tiraje de arte de marisqueo a pie \u2013 veleros coloridos"},"content":{"rendered":"<p>T\u00edtulo: Hombre frente al mar<\/p>\n<p>Lo\u00efc Delplanque :<\/p>\n<blockquote><p>Me paseaba por la playa con la marea baja, buscando un tema. A lo lejos vi a un hombre practicando el marisqueo a pie y esa magn\u00edfica luz ambiental.<\/p>\n<p>&nbsp;<\/p>\n<p>Esper\u00e9 un poco para obtener la materia que necesitaba para realizar esta imagen.<\/p>\n<p>&nbsp;<\/p>\n<p>La luz hizo brillar la <a title=\"Velero blanco sobre el mar \u2013 Fotograf\u00eda de arte en edici\u00f3n limitada\" href=\"https:\/\/www.posters-photos.com\/es\/edicion-limitada\/fotografias\/mar\/velero-blanco\/\">mar<\/a>; todo encaj\u00f3: la playa, esta magn\u00edfica luz ambiental.<\/p>\n<p>&nbsp;<\/p>\n<p>Ten\u00eda todo lo que necesitaba; volv\u00ed y dibuj\u00e9 estos cuatro <a title=\"Fotograf\u00eda de velero y ola \u2013 Tiraje fine art firmado en edici\u00f3n limitada\" href=\"https:\/\/www.posters-photos.com\/es\/edicion-limitada\/fotografias\/autor\/foto-mar-velero-ola\/\">veleros<\/a> con mi tableta gr\u00e1fica para perfeccionar esta imagen tal como la deseaba.<\/p><\/blockquote>\n<p>Fotograf\u00eda disponible en 4 acabados:<\/p>\n<ul>\n<li><strong>Papel de arte Hahnem\u00fchle<\/strong>.<\/li>\n<li><strong>Impresi\u00f3n directa sobre Alu-Dibond de 3 mm<\/strong> : un soporte moderno, ligero y r\u00edgido, con acabado mate sin reflejos. Su superficie lisa revela la nitidez y la densidad de los colores, para una durabilidad de m\u00e1s de 20 a\u00f1os. (riel de colgado incluido y premontado).<\/li>\n<li><strong>Impresi\u00f3n en Forex de 10 mm<\/strong> : un soporte r\u00edgido, ligero y estable, con una superficie blanca compacta que revela toda la riqueza de los colores. Listo para colgar, se entrega con su riel para colgar ofrecido y premontado para un acabado cuidado y contempor\u00e1neo.<\/li>\n<li><strong>Caja americana de madera<\/strong> : Aluminio Dibond en caja americana: un elegante efecto flotante realza tu impresi\u00f3n n\u00edtida y mate, enmarcada por un marco de madera a elegir (negro, blanco, roble natural). Listo para colgar, se entrega con su sistema de sujeci\u00f3n gratuito y premontado.<\/li>\n<\/ul>\n<p>\u00bfTiene otra medida en mente? <a title=\"Contactar con Lo\u00efc Delplanque, fot\u00f3grafo en Morbihan\" href=\"https:\/\/www.posters-photos.com\/es\/contacto-fotografo-morbihan\/\">Cont\u00e1ctame<\/a>, le enviar\u00e9 un enlace personalizado con la foto en el formato deseado.<\/p>","protected":false},"excerpt":{"rendered":"<p><strong>Edici\u00f3n limitada de 50 ejemplares, firmados a mano y entregados con certificado de autenticidad.<\/strong><\/p>\n<p>Pida ya esta magn\u00edfica fotograf\u00eda.<\/p>","protected":false},"featured_media":9067,"comment_status":"open","ping_status":"closed","template":"","meta":{"_et_pb_use_builder":"off","_et_pb_old_content":"<strong>Caract\u00e9ristiques de l\u2019\u0153uvre :<\/strong>\r\n\r\n<strong>Type :<\/strong> <a title=\"Photographies de Temp\u00eates en Bretagne | Images Spectaculaires et Dramatiques\" href=\"https:\/\/www.posters-photos.com\/art\/photographie-bretagne\/photos-tempetes-bretagne\/\" target=\"_blank\" rel=\"noopener\">Photographie temp\u00eate en Bretagne<\/a>, Temp\u00eate Justine\r\n\r\n<strong>Format :<\/strong> 60 x 40 cm ou 90 x 60 cm (24 x 16 inches ou 36 x 24 inches). <a title=\"Contact de Lo\u00efc Delplanque artiste photographe en Bretagne\" href=\"https:\/\/www.posters-photos.com\/contact-loic-delplanque-photographe-graphiste-morbihan\/\" target=\"_blank\" rel=\"noopener\"><strong>D'autres tailles sont disponibles sur simple demande<\/strong><\/a>\r\n\r\n<strong>\u00c9dition :<\/strong> Photographie de Lo\u00efc Delplanque en \u00e9dition limit\u00e9e \u00e0 50 exemplaires sur papier Hahnem\u00fchle.\r\n\r\n<strong>Certificat d'authenticit\u00e9 :<\/strong> Chaque photographie est accompagn\u00e9e d'un certificat num\u00e9rot\u00e9 et sign\u00e9 de la main de l\u2019artiste confirmant son authenticit\u00e9.\r\n\r\n<strong>Pourquoi Choisir Cette Photographie :<\/strong> <strong>Dramatique et \u00c9vocative :<\/strong> Cette image <a title=\"Photo d'art noir et blanc Bretagne - \u00c9p\u00e9e d'Excalibur au lac de Tr\u00e9melin - D\u00e9coration murale l\u00e9gendaire\" href=\"https:\/\/www.posters-photos.com\/edition-limitee\/photographie-bretagne\/photographies-ille-et-vilaine\/photographie-noir-et-blanc-epee-excalibur\/\" target=\"_blank\" rel=\"noopener\">en noir et blanc<\/a> du phare du Four submerg\u00e9 par une vague apportera une dimension artistique \u00e0 votre espace.\r\n\r\n<strong>Qualit\u00e9 :<\/strong> Nos \u0153uvres sont imprim\u00e9es sur les plus beaux papiers Hahnem\u00fchle, un papier d'exception. <a title=\"Temp\u00eates en Bretagne : Ph\u00e9nom\u00e8nes Naturels Spectaculaires et Puissants\" href=\"https:\/\/www.posters-photos.com\/tempetes-bretagne\/\" target=\"_blank\" rel=\"noopener\">Pour en savoir plus sur les temp\u00eates en Bretagne<\/a>","_et_gb_content_width":""},"product_brand":[],"product_cat":[185,187],"product_tag":[150,145],"class_list":{"0":"post-9299","1":"product","2":"type-product","3":"status-publish","4":"has-post-thumbnail","6":"product_cat-mer","7":"product_cat-nouveautes","8":"product_tag-coups-de-coeur","9":"product_tag-graphique","11":"first","12":"instock","13":"shipping-taxable","14":"purchasable","15":"product-type-variable","16":"has-default-attributes"},"_links":{"self":[{"href":"https:\/\/www.posters-photos.com\/es\/wp-json\/wp\/v2\/product\/9299","targetHints":{"allow":["GET"]}}],"collection":[{"href":"https:\/\/www.posters-photos.com\/es\/wp-json\/wp\/v2\/product"}],"about":[{"href":"https:\/\/www.posters-photos.com\/es\/wp-json\/wp\/v2\/types\/product"}],"replies":[{"embeddable":true,"href":"https:\/\/www.posters-photos.com\/es\/wp-json\/wp\/v2\/comments?post=9299"}],"wp:featuredmedia":[{"embeddable":true,"href":"https:\/\/www.posters-photos.com\/es\/wp-json\/wp\/v2\/media\/9067"}],"wp:attachment":[{"href":"https:\/\/www.posters-photos.com\/es\/wp-json\/wp\/v2\/media?parent=9299"}],"wp:term":[{"taxonomy":"product_brand","embeddable":true,"href":"https:\/\/www.posters-photos.com\/es\/wp-json\/wp\/v2\/product_brand?post=9299"},{"taxonomy":"product_cat","embeddable":true,"href":"https:\/\/www.posters-photos.com\/es\/wp-json\/wp\/v2\/product_cat?post=9299"},{"taxonomy":"product_tag","embeddable":true,"href":"https:\/\/www.posters-photos.com\/es\/wp-json\/wp\/v2\/product_tag?post=9299"}],"curies":[{"name":"wp","href":"https:\/\/api.w.org\/{rel}","templated":true}]}}